{"id":16,"date":"2014-12-22T07:00:52","date_gmt":"2014-12-22T07:00:52","guid":{"rendered":"http:\/\/asbstgeorgen.webstorm.at\/?page_id=16"},"modified":"2022-07-10T14:39:02","modified_gmt":"2022-07-10T14:39:02","slug":"aufgabenbereich","status":"publish","type":"page","link":"https:\/\/www.asbstg.at\/?page_id=16","title":{"rendered":"Aufgabenbereich"},"content":{"rendered":"<blockquote>\n<h4 id=\"rettungsdienst\">RETTUNGSDIENST<\/h4>\n<\/blockquote>\n<p>Sie haben einen Unfall, eine schwere Erkrankung, oder beobachten diese bei einem Angeh\u00f6rigen, einem Kollegen oder auch zuf\u00e4llig auf der Stra\u00dfe? Dann ist schnelle Hilfe unbedingt von N\u00f6ten.<\/p>\n<p>Absetzen eines Notrufes!!<\/p>\n<p>\u00dcber den offiziellen Rettungsnotruf 144 gelangen Sie zur Rettungsleitstelle 144 Notruf N\u00d6, welche dann nach einem standartisierten Abfrageschema den Notruf entgegennimmt.<\/p>\n<p>Innerhalb k\u00fcrzester Zeit wird dann von der Leitstelle ein Rettungstransportwagen zu Ihnen geschickt, welcher den Patienten sofort notfallmedizinisch versorgt.<\/p>\n<p>Unsere Sanit\u00e4ter sind mit den neuesten Ma\u00dfnahmen vertraut, um den Patienten optimal zu versorgen. Unsere Rettungstransportwagen sind mit den modernsten Ger\u00e4ten ausgestattet, um lebensrettende Ma\u00dfnahmen am Patienten durchzuf\u00fchren.<\/p>\n<p>Bitten bedenken Sie aber: Bei manchen Notf\u00e4llen z\u00e4hlt wirklich jede Minute, die der Patient fr\u00fcher versorgt wird. Es ist daher umso wichtiger, dass Sie die wichtigsten lebensrettenden Sofortma\u00dfnahmen noch vor dem Eintreffen der Sanit\u00e4tsmannschaft selbst durchf\u00fchren k\u00f6nnen.<\/p>\n<p>Besuchen Sie deshalb einen unserer Erste-Hilfe-Kurse, denn mit Ihrer Mithilfe ist es uns leichter m\u00f6glich das Leben von vielen Patienten zu retten.<\/p>\n<blockquote>\n<h4 id=\"krankentransport\">KRANKENTRANSPORT<\/h4>\n<\/blockquote>\n<p>Sie m\u00fcssen zum Facharzt, in eine Ambulanz des KH St. P\u00f6lten oder auch weiter weg zu einer Behandlung in ein anderes Krankenhaus? Oder in eine REHA-Klinik nach einer schweren Krankheit oder einem Unfall?<\/p>\n<p>Kein Problem! Der ASB St. Georgen bringt Sie dort hin.<\/p>\n<p>Alles was Sie dazu ben\u00f6tigen ist ein Transportschein Ihres Hausarztes.<\/p>\n<p>Normalerweise wird von der Krankenkasse nur der Transport in das n\u00e4chstgelegene geeignete Krankenhaus verg\u00fctet. Falls Sie die Behandlung in einem weiter entfernten Krankenhaus w\u00fcnschen, sehen wir uns leider gezwungen Ihnen den Differenzbetrag privat in Rechnung zu stellen.<\/p>\n<p>Mit einem Anruf beim ASB St. Georgen unter 14841 (ohne Vorwahl) vereinbaren Sie den gew\u00fcnschen Abholtermin, zu dem Sie dann p\u00fcnktlich von einer kompetenten, freundlichen Mannschaft in einem bequemen Krankentransportwagen abgeholt werden, die Sie zu Ihrem Behandlungsort bringt und schlie\u00dflich, nach Ihrer Behandlung, auch wieder nach Hause.<\/p>\n<p>Dies gilt selbstverst\u00e4ndlich auch falls Sie nicht gehf\u00e4hig sind, im Rollstuhl sitzen, oder auch liegend zu transportieren sind &#8211; unsere Krankentransportwagen sind mit den modernsten Tragebehelfen ausgestattet.<\/p>\n<p>Falls auch die Krankenkasse einmal einen Transport nicht bewilligen sollte, gibt es selbstverst\u00e4ndlich auch die M\u00f6glichkeit privat einen Krankentransport zu bestellen. Dazu setzen Sie sich am besten mit unserer Dienststelle unter 02742\/88 33 45 in Verbindung.<\/p>\n<p>Falls einmal ein Krankentransport nicht zu Ihrer vollsten Zufriedenheit ausfallen sollte, scheuen Sie sich nicht, uns dies auch mitzuteilen. Wir werden alles daran setzen, solche M\u00e4ngel raschest zu beheben, denn bei uns lautet das Motto:<\/p>\n<p>Der Patient ist K\u00f6nig<\/p>\n<blockquote>\n<h4 id=\"patientennotruf\">PATIENTNOTRUF<\/h4>\n<\/blockquote>\n<p>Sicher in die Zukunft<\/p>\n<p>Mit dem Notruftelefon des Samariterbund St. Georgen erhalten Sie einen treuen Begleiter, der Ihnen im Fall der F\u00e4lle professionelle Hilfe garantiert. Sie k\u00f6nnen sich auf uns verlassen &#8211; wir sind 365 Tage im Jahr 24 Stunden t\u00e4glich f\u00fcr Sie im Einsatz! Ihre Sicherheit ist unser Auftrag, damit Sie auch in Zukunft den Alltag selbst\u00e4ndig und geborgen in den eigenen vier W\u00e4nden verbringen k\u00f6nnen.<\/p>\n<blockquote>\n<h4 id=\"adr_transport\">ADR &#8211; TRANSPORT<\/h4>\n<\/blockquote>\n<p>Als einziger Dienstleister Nieder\u00f6sterreichs,\u00a0ist der <strong>Samariterbund St. Georgen befugt\u00a0<\/strong>spezielle <strong>Blutproben der Klasse 6<\/strong>\u00a0zu transportieren.<\/p>\n<blockquote>\n<h4 id=\"sitt_noe\">SIUE &#8211; N\u00d6<\/h4>\n<\/blockquote>\n<p><strong>S<\/strong>onder<strong>I<\/strong>nfektions<strong>U<\/strong>nterst\u00fctzungs<strong>E<\/strong>inheit <strong>N<\/strong>ieder\u00f6sterreich<\/p>\n<p>\u00d6sterreichweit einzigartiges System\u00a0zum Transport von hochinfekti\u00f6sen Patienten, die \u00dcberstellt bzw. einer geeigneten Abteilung zugef\u00fchrt werden.<\/p>\n<blockquote>\n<h4 id=\"intensiv\u00fcberstellung\">INTENSIV\u00dcBERSTELLUNG<\/h4>\n<\/blockquote>\n<p>KnowHow und Infrastruktur aus einer Hand.<\/p>\n<p>Die Intensiv\u00fcberstellung ist ein schonender bodengebundener Transport besonders schwer verletzter, erkrankter sowie intensiv\u00fcberwachungspflichtiger Patienten von Krankenhaus\u00a0zu Krankenhaus.<\/p>\n<p>Der Samariterbund St. Georgen\u00a0bietet auch \u00dcberstellungen fr\u00fchgeborener S\u00e4uglinge mittels extra hierf\u00fcr angeschafften Inkubator an.<\/p>\n<blockquote>\n<h4 id=\"schwerlast_transporte\">SCHWERLAST TRANSPORTE<\/h4>\n<\/blockquote>\n<p>Seit einigen Jahren ist im pr\u00e4klichischen und klinischen Patiententransport eine rasante Zunahme extrem schwergewichtiger Patienten zu verzeichnen. Deshalb ist unser Bettenintensivtransporter mit SITS-Heavystar ausgestattet, einem Schwerlast-Intensiv-Transportsystem, das bei einem zul\u00e4ssigen Gesamtgewicht von 600kg eine Zuladung von 400 kg erm\u00f6glicht.<\/p>\n<p>Im April 2018 wurde ein LKW f\u00fcr Patienten mit mehr als 150kg K\u00f6rpergewicht in Betrieb gestellt, um den Transport so komfortabel und effizient wie m\u00f6glich zu gestalten.<span class=\"Apple-converted-space\">\u00a0<\/span><\/p>\n<p>An Board befindet sich das Equipment einer Intensivstation, um auch Patienten zu betreuen die eine intensivmedizinische Versorgung ben\u00f6tigen.<\/p>\n<p>Dieses Fahrzeug ist somit das einzige seiner Art in Nieder\u00f6sterreich und wird auch \u00fcber die Landesgrenzen hinaus alarmiert und angefragt!<\/p>\n<blockquote>\n<h4 id=\"erste_hilfe\">ERSTE HILFE KURSE<\/h4>\n<\/blockquote>\n<p>Die Kurse werden ab einer Anzahl von mindestens 10 Teilnehmern durchgef\u00fchrt. Die Kursteilnehmer sind verpflichtet, die praktischen \u00dcbungen komplett durchzuf\u00fchren, au\u00dfer es sprechen wichtige Gr\u00fcne dagegen (z.B. k\u00f6rperliches Gebrechen, Operation, &#8230;). Verweigert der Teilnehmer ohne plausiblen Grund das \u00dcben, so kann ihm keine Kursbescheinigung ausgestellt werden.<\/p>\n<p>F\u00fcr die praktischen \u00dcbungen ist sportliche Kleidung dringend empfohlen.<\/p>\n<p>Bei Fragen wenden Sie sich bitte an unseren Organisationsleiter.<\/p>\n<blockquote>\n<h4 id=\"ambulanzdienste\">AMBULANZDIENSTE<\/h4>\n<\/blockquote>\n<p>Wir bieten Beistellungen bei Veranstaltungen mit Sanit\u00e4tspersonal und Not\u00e4rzten um dem Veranstalter einen Reibungslosen Ablauf erm\u00f6glichen zu k\u00f6nnen. Dabei \u00fcbernehmen wir die Erstversorgung bis zur \u00dcbergabe des Patienten an den Regelrettungsdienst. Somit erh\u00e4lt der Patient schnellstm\u00f6gliche Versorgung und durch den Externen Abtransport bleibt auch die Beistellung aufrecht und Ihre Veranstaltung kann ohne Probleme weiterlaufen.<\/p>\n","protected":false},"excerpt":{"rendered":"<p>RETTUNGSDIENST Sie haben einen Unfall, eine schwere Erkrankung, oder beobachten diese bei einem Angeh\u00f6rigen, einem Kollegen oder auch zuf\u00e4llig auf der Stra\u00dfe? Dann ist schnelle Hilfe unbedingt von N\u00f6ten. Absetzen eines Notrufes!! \u00dcber den offiziellen Rettungsnotruf 144 gelangen Sie zur Rettungsleitstelle 144 Notruf N\u00d6, welche dann nach einem standartisierten Abfrageschema den Notruf entgegennimmt. Innerhalb k\u00fcrzester [&hellip;]<\/p>\n","protected":false},"author":1,"featured_media":0,"parent":0,"menu_order":0,"comment_status":"closed","ping_status":"closed","template":"","meta":[],"_links":{"self":[{"href":"https:\/\/www.asbstg.at\/index.php?rest_route=\/wp\/v2\/pages\/16"}],"collection":[{"href":"https:\/\/www.asbstg.at\/index.php?rest_route=\/wp\/v2\/pages"}],"about":[{"href":"https:\/\/www.asbstg.at\/index.php?rest_route=\/wp\/v2\/types\/page"}],"author":[{"embeddable":true,"href":"https:\/\/www.asbstg.at\/index.php?rest_route=\/wp\/v2\/users\/1"}],"replies":[{"embeddable":true,"href":"https:\/\/www.asbstg.at\/index.php?rest_route=%2Fwp%2Fv2%2Fcomments&post=16"}],"version-history":[{"count":25,"href":"https:\/\/www.asbstg.at\/index.php?rest_route=\/wp\/v2\/pages\/16\/revisions"}],"predecessor-version":[{"id":407,"href":"https:\/\/www.asbstg.at\/index.php?rest_route=\/wp\/v2\/pages\/16\/revisions\/407"}],"wp:attachment":[{"href":"https:\/\/www.asbstg.at\/index.php?rest_route=%2Fwp%2Fv2%2Fmedia&parent=16"}],"curies":[{"name":"wp","href":"https:\/\/api.w.org\/{rel}","templated":true}]}}